{"id":2,"date":"2024-04-11T17:18:59","date_gmt":"2024-04-11T17:18:59","guid":{"rendered":"https:\/\/chamuell.com\/?page_id=2"},"modified":"2025-11-28T18:50:39","modified_gmt":"2025-11-28T18:50:39","slug":"chamuell","status":"publish","type":"page","link":"https:\/\/chamuell.com\/","title":{"rendered":"Chamuell"},"content":{"rendered":"\t\t<div data-elementor-type=\"wp-page\" data-elementor-id=\"2\" class=\"elementor elementor-2\" data-elementor-post-type=\"page\">\n\t\t\t\t<div class=\"elementor-element elementor-element-75f1c43 e-con-full e-flex e-con e-parent\" data-id=\"75f1c43\" data-element_type=\"container\">\n\t\t<div class=\"elementor-element elementor-element-dd28570 e-flex e-con-boxed e-con e-child\" data-id=\"dd28570\" data-element_type=\"container\" data-settings=\"{&quot;background_background&quot;:&quot;classic&quot;}\">\n\t\t\t\t\t<div class=\"e-con-inner\">\n\t\t\t\t<div class=\"elementor-element elementor-element-b694db1 elementor-widget elementor-widget-text-editor\" data-id=\"b694db1\" data-element_type=\"widget\" data-widget_type=\"text-editor.default\">\n\t\t\t\t\t\t\t\t\tContacto: dacilgonzalez@chamuell.com\t\t\t\t\t\t\t\t<\/div>\n\t\t\t\t<div class=\"elementor-element elementor-element-e506301 elementor-widget elementor-widget-text-editor\" data-id=\"e506301\" data-element_type=\"widget\" data-widget_type=\"text-editor.default\">\n\t\t\t\t\t\t\t\t\t+52 1 55 5456 8408\t\t\t\t\t\t\t\t<\/div>\n\t\t\t\t\t<\/div>\n\t\t\t\t<\/div>\n\t\t\t\t<\/div>\n\t\t<div class=\"elementor-element elementor-element-7094231 e-con-full e-flex e-con e-parent\" data-id=\"7094231\" data-element_type=\"container\">\n\t\t<div class=\"elementor-element elementor-element-de79ad3 e-con-full e-flex e-con e-child\" data-id=\"de79ad3\" data-element_type=\"container\" data-settings=\"{&quot;background_background&quot;:&quot;classic&quot;}\">\n\t\t\t\t<div class=\"elementor-element elementor-element-7019c61 elementor-widget elementor-widget-image\" data-id=\"7019c61\" data-element_type=\"widget\" data-settings=\"{&quot;sticky&quot;:&quot;top&quot;,&quot;sticky_offset&quot;:300,&quot;sticky_offset_mobile&quot;:0,&quot;sticky_parent&quot;:&quot;yes&quot;,&quot;sticky_on&quot;:[&quot;desktop&quot;,&quot;tablet&quot;,&quot;mobile&quot;],&quot;sticky_effects_offset&quot;:0,&quot;sticky_anchor_link_offset&quot;:0}\" data-widget_type=\"image.default\">\n\t\t\t\t\t\t\t\t\t\t\t\t\t\t\t<img fetchpriority=\"high\" decoding=\"async\" width=\"782\" height=\"715\" src=\"https:\/\/chamuell.com\/wp-content\/uploads\/2025\/11\/LOGO-CHAMUELL.png\" class=\"attachment-large size-large wp-image-23\" alt=\"\" srcset=\"https:\/\/chamuell.com\/wp-content\/uploads\/2025\/11\/LOGO-CHAMUELL.png 782w, https:\/\/chamuell.com\/wp-content\/uploads\/2025\/11\/LOGO-CHAMUELL-300x274.png 300w, https:\/\/chamuell.com\/wp-content\/uploads\/2025\/11\/LOGO-CHAMUELL-768x702.png 768w\" sizes=\"(max-width: 782px) 100vw, 782px\" \/>\t\t\t\t\t\t\t\t\t\t\t\t\t\t\t<\/div>\n\t\t\t\t<\/div>\n\t\t<div class=\"elementor-element elementor-element-90a9f9e e-con-full e-flex e-con e-child\" data-id=\"90a9f9e\" data-element_type=\"container\">\n\t\t\t\t<div class=\"elementor-element elementor-element-9f58e33 elementor-widget elementor-widget-heading\" data-id=\"9f58e33\" data-element_type=\"widget\" data-widget_type=\"heading.default\">\n\t\t\t\t\t<h1 class=\"elementor-heading-title elementor-size-default\">NUESTROS <strong>SERVICIOS<\/strong><\/h1>\t\t\t\t<\/div>\n\t\t\t\t<div class=\"elementor-element elementor-element-9414bfa elementor-widget elementor-widget-text-editor\" data-id=\"9414bfa\" data-element_type=\"widget\" data-widget_type=\"text-editor.default\">\n\t\t\t\t\t\t\t\t\tComercializadora Chamuell Import &#038; Export puede realizar operaciones\nde importaci\u00f3n y exportaci\u00f3n, ofreciendo un asesoramiento experto\nsobre la Ley Aduanera, Restricciones y Regulaciones Arancelarias, asegurando el cumplimiento normativo y legal de las mercanc\u00edas. \t\t\t\t\t\t\t\t<\/div>\n\t\t\t\t<div class=\"elementor-element elementor-element-8787c13 elementor-widget elementor-widget-heading\" data-id=\"8787c13\" data-element_type=\"widget\" data-widget_type=\"heading.default\">\n\t\t\t\t\t<h2 class=\"elementor-heading-title elementor-size-default\">QUIENES  <strong>SOMOS<\/strong><\/h2>\t\t\t\t<\/div>\n\t\t\t\t<div class=\"elementor-element elementor-element-ddc9331 elementor-widget elementor-widget-text-editor\" data-id=\"ddc9331\" data-element_type=\"widget\" data-widget_type=\"text-editor.default\">\n\t\t\t\t\t\t\t\t\tSomos una empresa Comercializadora involucrada en los procesos de\nimportaci\u00f3n o exportaci\u00f3n de mercanc\u00eda facilitando a las\nempresas para que sus operaciones aduaneras sean exitosas.\t\t\t\t\t\t\t\t<\/div>\n\t\t\t\t<div class=\"elementor-element elementor-element-595f16c elementor-widget elementor-widget-heading\" data-id=\"595f16c\" data-element_type=\"widget\" data-widget_type=\"heading.default\">\n\t\t\t\t\t<h2 class=\"elementor-heading-title elementor-size-default\"> <strong>MISI\u00d3N<\/strong><\/h2>\t\t\t\t<\/div>\n\t\t\t\t<div class=\"elementor-element elementor-element-a856390 elementor-widget elementor-widget-text-editor\" data-id=\"a856390\" data-element_type=\"widget\" data-widget_type=\"text-editor.default\">\n\t\t\t\t\t\t\t\t\tCubrir las necesidades log\u00edsticas de nuestros clientes, optimizando sus\noperaciones comerciales satisfaciendo las exigencias legales y regulatorias de la autoridad, as\u00ed como cumplir con los tiempos requeridos para\nuna operaci\u00f3n exitosa.\t\t\t\t\t\t\t\t<\/div>\n\t\t\t\t<div class=\"elementor-element elementor-element-4ecd727 elementor-widget elementor-widget-heading\" data-id=\"4ecd727\" data-element_type=\"widget\" data-widget_type=\"heading.default\">\n\t\t\t\t\t<h2 class=\"elementor-heading-title elementor-size-default\"> <strong>VISI\u00d3N<\/strong><\/h2>\t\t\t\t<\/div>\n\t\t\t\t<div class=\"elementor-element elementor-element-f247d20 elementor-widget elementor-widget-text-editor\" data-id=\"f247d20\" data-element_type=\"widget\" data-widget_type=\"text-editor.default\">\n\t\t\t\t\t\t\t\t\tPosicionarnos como una de las mejores firmas de log\u00edstica en nuestro\npa\u00eds, siendo un ejemplo de cumplimiento tanto legal como para\nnuestros clientes. \t\t\t\t\t\t\t\t<\/div>\n\t\t\t\t<div class=\"elementor-element elementor-element-2c3cbad elementor-widget elementor-widget-heading\" data-id=\"2c3cbad\" data-element_type=\"widget\" data-widget_type=\"heading.default\">\n\t\t\t\t\t<h2 class=\"elementor-heading-title elementor-size-default\"> <strong>VALORES<\/strong><\/h2>\t\t\t\t<\/div>\n\t\t\t\t<div class=\"elementor-element elementor-element-939fda2 elementor-widget elementor-widget-text-editor\" data-id=\"939fda2\" data-element_type=\"widget\" data-widget_type=\"text-editor.default\">\n\t\t\t\t\t\t\t\t\t&#8211; Compromiso.<br>\n&#8211; Honestidad.<br>\n&#8211; Trabajo en equipo.<br>\n&#8211; Transparencia y responsabilidad en la operaci\u00f3n.<br>\n&#8211; Seguridad y responsabilidad.\t\t\t\t\t\t\t\t<\/div>\n\t\t\t\t<div class=\"elementor-element elementor-element-eb4fe71 elementor-widget__width-initial elementor-widget elementor-widget-heading\" data-id=\"eb4fe71\" data-element_type=\"widget\" data-widget_type=\"heading.default\">\n\t\t\t\t\t<h2 class=\"elementor-heading-title elementor-size-default\">Contamos con los siguientes Padrones:<\/h2>\t\t\t\t<\/div>\n\t\t\t\t<div class=\"elementor-element elementor-element-f91185c elementor-widget elementor-widget-heading\" data-id=\"f91185c\" data-element_type=\"widget\" data-widget_type=\"heading.default\">\n\t\t\t\t\t<h1 class=\"elementor-heading-title elementor-size-default\"> <strong>IMPORTACI\u00d3N:<\/strong><\/h1>\t\t\t\t<\/div>\n\t\t\t\t<div class=\"elementor-element elementor-element-4407aba elementor-widget elementor-widget-text-editor\" data-id=\"4407aba\" data-element_type=\"widget\" data-widget_type=\"text-editor.default\">\n\t\t\t\t\t\t\t\t\t&#8211; Padr\u00f3n de Importadores General<br>\n&#8211; Padr\u00f3n de Importadores Sectorial \u00abTextil y Confecci\u00f3n\u00bb<br>\n&#8211; Padr\u00f3n de Importadores Sectorial \u00abCalzado\u00bb<br>\n&#8211; Padr\u00f3n de Importadores Sectorial \u00abAlcohol\u00bb\t\t\t\t\t\t\t\t<\/div>\n\t\t\t\t<div class=\"elementor-element elementor-element-088e388 elementor-widget elementor-widget-heading\" data-id=\"088e388\" data-element_type=\"widget\" data-widget_type=\"heading.default\">\n\t\t\t\t\t<h2 class=\"elementor-heading-title elementor-size-default\"> <strong>EXPORTACI\u00d3N:<\/strong><\/h2>\t\t\t\t<\/div>\n\t\t\t\t<div class=\"elementor-element elementor-element-5339b8f elementor-widget elementor-widget-text-editor\" data-id=\"5339b8f\" data-element_type=\"widget\" data-widget_type=\"text-editor.default\">\n\t\t\t\t\t\t\t\t\t&#8211; Padr\u00f3n de Exportadores \u00abAlcohol\u00bb<br>\n&#8211; Padr\u00f3n de Exportadores \u00abAlcohol Desnaturalizado\u00bb<br>\n&#8211; Padr\u00f3n de Exportadores \u00abTequila\u00bb<br>\n&#8211; Padr\u00f3n de Exportadores \u00abVinos\u00bb<br>\n&#8211; Padr\u00f3n de Exportadores \u00abLicores\u00bb<br>\n&#8211; Padr\u00f3n de Exportadores \u00abCigarros y Tabacos Labrados\u201c\t\t\t\t\t\t\t\t<\/div>\n\t\t\t\t<div class=\"elementor-element elementor-element-0ff22a6 elementor-widget elementor-widget-heading\" data-id=\"0ff22a6\" data-element_type=\"widget\" data-widget_type=\"heading.default\">\n\t\t\t\t\t<h2 class=\"elementor-heading-title elementor-size-default\"><span class=\"despacho\">DESPACHO <strong>ADUANERO<\/strong><\/span><br>\n Por las siguientes aduanas:<\/h2>\t\t\t\t<\/div>\n\t\t\t\t<div class=\"elementor-element elementor-element-2492dab elementor-widget elementor-widget-text-editor\" data-id=\"2492dab\" data-element_type=\"widget\" data-widget_type=\"text-editor.default\">\n\t\t\t\t\t\t\t\t\t&#8211; AICM<br>\n&#8211; Manzanillo<br>\n&#8211; Nuevo Laredo<br>\n&#8211; Veracruz<br>\n&#8211; Altamira<br>\n&#8211; L\u00e1zaro C\u00e1rdenas\t\t\t\t\t\t\t\t<\/div>\n\t\t\t\t<div class=\"elementor-element elementor-element-f873859 elementor-widget elementor-widget-heading\" data-id=\"f873859\" data-element_type=\"widget\" data-widget_type=\"heading.default\">\n\t\t\t\t\t<h2 class=\"elementor-heading-title elementor-size-default\">LOG\u00cdSTICA <strong>INTERNACIONAL<\/strong><\/h2>\t\t\t\t<\/div>\n\t\t\t\t<div class=\"elementor-element elementor-element-0f64f7c elementor-widget elementor-widget-text-editor\" data-id=\"0f64f7c\" data-element_type=\"widget\" data-widget_type=\"text-editor.default\">\n\t\t\t\t\t\t\t\t\tPlanificamos y optimizamos las rutas y modos de transporte para poder\nhacer llegar a tus mercanc\u00edas al destino convenido. \t\t\t\t\t\t\t\t<\/div>\n\t\t\t\t<div class=\"elementor-element elementor-element-2051b24 elementor-widget elementor-widget-heading\" data-id=\"2051b24\" data-element_type=\"widget\" data-widget_type=\"heading.default\">\n\t\t\t\t\t<h2 class=\"elementor-heading-title elementor-size-default\">CONTACTO:<\/h2>\t\t\t\t<\/div>\n\t\t\t\t<div class=\"elementor-element elementor-element-73af520 elementor-button-align-end elementor-widget elementor-widget-form\" data-id=\"73af520\" data-element_type=\"widget\" data-settings=\"{&quot;step_next_label&quot;:&quot;Next&quot;,&quot;step_previous_label&quot;:&quot;Previous&quot;,&quot;button_width&quot;:&quot;100&quot;,&quot;step_type&quot;:&quot;number_text&quot;,&quot;step_icon_shape&quot;:&quot;circle&quot;}\" data-widget_type=\"form.default\">\n\t\t\t\t\t\t\t<form class=\"elementor-form\" method=\"post\" name=\"Contacto\" aria-label=\"Contacto\">\n\t\t\t<input type=\"hidden\" name=\"post_id\" value=\"2\"\/>\n\t\t\t<input type=\"hidden\" name=\"form_id\" value=\"73af520\"\/>\n\t\t\t<input type=\"hidden\" name=\"referer_title\" value=\"\" \/>\n\n\t\t\t\t\t\t\t<input type=\"hidden\" name=\"queried_id\" value=\"2\"\/>\n\t\t\t\n\t\t\t<div class=\"elementor-form-fields-wrapper elementor-labels-above\">\n\t\t\t\t\t\t\t\t<div class=\"elementor-field-type-text elementor-field-group elementor-column elementor-field-group-name elementor-col-100 elementor-field-required\">\n\t\t\t\t\t\t\t\t\t\t\t\t\t<input size=\"1\" type=\"text\" name=\"form_fields[name]\" id=\"form-field-name\" class=\"elementor-field elementor-size-sm  elementor-field-textual\" placeholder=\"Nombre:\" required=\"required\">\n\t\t\t\t\t\t\t\t\t\t\t<\/div>\n\t\t\t\t\t\t\t\t<div class=\"elementor-field-type-email elementor-field-group elementor-column elementor-field-group-email elementor-col-100 elementor-field-required\">\n\t\t\t\t\t\t\t\t\t\t\t\t\t<input size=\"1\" type=\"email\" name=\"form_fields[email]\" id=\"form-field-email\" class=\"elementor-field elementor-size-sm  elementor-field-textual\" placeholder=\"E-mail:\" required=\"required\">\n\t\t\t\t\t\t\t\t\t\t\t<\/div>\n\t\t\t\t\t\t\t\t<div class=\"elementor-field-type-tel elementor-field-group elementor-column elementor-field-group-field_5481475 elementor-col-100 elementor-field-required\">\n\t\t\t\t\t\t\t<input size=\"1\" type=\"tel\" name=\"form_fields[field_5481475]\" id=\"form-field-field_5481475\" class=\"elementor-field elementor-size-sm  elementor-field-textual\" placeholder=\"Tel\u00e9fono:\" required=\"required\" pattern=\"[0-9()#&amp;+*-=.]+\" title=\"Only numbers and phone characters (#, -, *, etc) are accepted.\">\n\n\t\t\t\t\t\t<\/div>\n\t\t\t\t\t\t\t\t<div class=\"elementor-field-type-textarea elementor-field-group elementor-column elementor-field-group-message elementor-col-100 elementor-field-required\">\n\t\t\t\t\t<textarea class=\"elementor-field-textual elementor-field  elementor-size-sm\" name=\"form_fields[message]\" id=\"form-field-message\" rows=\"8\" placeholder=\"Mensaje:\" required=\"required\"><\/textarea>\t\t\t\t<\/div>\n\t\t\t\t\t\t\t\t<div class=\"elementor-field-group elementor-column elementor-field-type-submit elementor-col-100 e-form__buttons\">\n\t\t\t\t\t<button class=\"elementor-button elementor-size-sm\" type=\"submit\">\n\t\t\t\t\t\t<span class=\"elementor-button-content-wrapper\">\n\t\t\t\t\t\t\t\t\t\t\t\t\t\t\t\t\t\t\t\t\t\t<span class=\"elementor-button-text\">ENVIAR<\/span>\n\t\t\t\t\t\t\t\t\t\t\t\t\t<\/span>\n\t\t\t\t\t<\/button>\n\t\t\t\t<\/div>\n\t\t\t<\/div>\n\t\t<\/form>\n\t\t\t\t\t\t<\/div>\n\t\t\t\t<\/div>\n\t\t\t\t<\/div>\n\t\t<div class=\"elementor-element elementor-element-13c8a97 e-con-full e-flex e-con e-parent\" data-id=\"13c8a97\" data-element_type=\"container\">\n\t\t<div class=\"elementor-element elementor-element-26335e1 e-flex e-con-boxed e-con e-child\" data-id=\"26335e1\" data-element_type=\"container\" data-settings=\"{&quot;background_background&quot;:&quot;classic&quot;}\">\n\t\t\t\t\t<div class=\"e-con-inner\">\n\t\t\t\t<div class=\"elementor-element elementor-element-36cc8f2 elementor-widget elementor-widget-text-editor\" data-id=\"36cc8f2\" data-element_type=\"widget\" data-widget_type=\"text-editor.default\">\n\t\t\t\t\t\t\t\t\tComercializadora Chamuell Import &#038; Export Todos los Derechos Reservados 2025\t\t\t\t\t\t\t\t<\/div>\n\t\t\t\t\t<\/div>\n\t\t\t\t<\/div>\n\t\t\t\t<\/div>\n\t\t\t\t<\/div>\n\t\t","protected":false},"excerpt":{"rendered":"<p>Contacto: dacilgonzalez@chamuell.com+52 1 55 5456 8408 NUESTROS SERVICIOS Comercializadora Chamuell Import &#038; Export puede realizar operaciones de importaci\u00f3n y exportaci\u00f3n, ofreciendo un asesoramiento experto sobre la Ley Aduanera, Restricciones y Regulaciones Arancelarias, asegurando el cumplimiento normativo y legal de las mercanc\u00edas. QUIENES SOMOS Somos una empresa Comercializadora involucrada en los procesos de importaci\u00f3n o exportaci\u00f3n [&hellip;]<\/p>\n","protected":false},"author":1,"featured_media":0,"parent":0,"menu_order":0,"comment_status":"closed","ping_status":"closed","template":"elementor_canvas","meta":{"footnotes":""},"class_list":["post-2","page","type-page","status-publish","hentry"],"_links":{"self":[{"href":"https:\/\/chamuell.com\/index.php\/wp-json\/wp\/v2\/pages\/2","targetHints":{"allow":["GET"]}}],"collection":[{"href":"https:\/\/chamuell.com\/index.php\/wp-json\/wp\/v2\/pages"}],"about":[{"href":"https:\/\/chamuell.com\/index.php\/wp-json\/wp\/v2\/types\/page"}],"author":[{"embeddable":true,"href":"https:\/\/chamuell.com\/index.php\/wp-json\/wp\/v2\/users\/1"}],"replies":[{"embeddable":true,"href":"https:\/\/chamuell.com\/index.php\/wp-json\/wp\/v2\/comments?post=2"}],"version-history":[{"count":40,"href":"https:\/\/chamuell.com\/index.php\/wp-json\/wp\/v2\/pages\/2\/revisions"}],"predecessor-version":[{"id":61,"href":"https:\/\/chamuell.com\/index.php\/wp-json\/wp\/v2\/pages\/2\/revisions\/61"}],"wp:attachment":[{"href":"https:\/\/chamuell.com\/index.php\/wp-json\/wp\/v2\/media?parent=2"}],"curies":[{"name":"wp","href":"https:\/\/api.w.org\/{rel}","templated":true}]}}